{"id":174,"date":"2020-01-20T16:45:46","date_gmt":"2020-01-20T15:45:46","guid":{"rendered":"http:\/\/test.landaublog.de\/?page_id=174"},"modified":"2026-04-13T17:56:16","modified_gmt":"2026-04-13T15:56:16","slug":"startseite-alt","status":"publish","type":"page","link":"https:\/\/awo-ld.de\/","title":{"rendered":"Engagement mit Herz"},"content":{"rendered":"\t\t<div data-elementor-type=\"wp-page\" data-elementor-id=\"174\" class=\"elementor elementor-174\">\n\t\t\t\t\t\t<section class=\"elementor-section elementor-top-section elementor-element elementor-element-3722dea4 elementor-section-boxed elementor-section-height-default elementor-section-height-default\" data-id=\"3722dea4\" data-element_type=\"section\" data-e-type=\"section\">\n\t\t\t\t\t\t<div class=\"elementor-container elementor-column-gap-default\">\n\t\t\t\t\t<div class=\"elementor-column elementor-col-100 elementor-top-column elementor-element elementor-element-2771085f\" data-id=\"2771085f\" data-element_type=\"column\" data-e-type=\"column\">\n\t\t\t<div class=\"elementor-widget-wrap elementor-element-populated\">\n\t\t\t\t\t\t<div class=\"elementor-element elementor-element-41226149 elementor-widget elementor-widget-text-editor\" data-id=\"41226149\" data-element_type=\"widget\" data-e-type=\"widget\" data-widget_type=\"text-editor.default\">\n\t\t\t\t<div class=\"elementor-widget-container\">\n\t\t\t\t\t\t\t\t\t<h1 style=\"text-align: left;\"><strong>AWO Landau<\/strong><strong style=\"color: #ffffff; font-size: 30px; font-family: var( --e-global-typography-text-font-family ), Sans-serif;\"><br \/><\/strong><\/h1><p><img fetchpriority=\"high\" decoding=\"async\" class=\"alignright\" src=\"https:\/\/awo-ld.de\/wp-content\/uploads\/2020\/01\/24ba5dd4ac.jpg\" alt=\"\" width=\"300\" height=\"225\" \/><\/p><p>Der Ortsverein Landau Stadt ist der gr\u00f6\u00dfte AWO Ortverein in der S\u00fcdpfalz.<\/p><p>Das AWO-Haus Landau ist im Zentrum aller Aktivit\u00e4ten und bieten vielen Organisationen und Einrichtungen eine &#8222;Heimat&#8220;. Mit den Besprechungsr\u00e4umen erm\u00f6glichen wir die Vernetzung untereinander.<\/p><p><a tabindex=\"0\">Der Vorstand<\/a><\/p><p>gew\u00e4hlt auf der Mitgliederversammlung des AWO Ortsvereins Landau am 23.06.2022 f\u00fcr 4 Jahre<\/p><ul><li><strong>Vorsitzender: <\/strong>Klaus Eisold<\/li><li><strong>Stellv. Vorsitzender: <\/strong>Martin Schlimmer-B\u00e4r<\/li><li><strong>Schriftf\u00fchrer: <\/strong>NN<\/li><li><strong>Kassierer*in: <\/strong>Omar Salhi<\/li><li><strong>Beisitzer*in<\/strong>: Thomas Myk, Heike Jacob-Sch\u00e4dler, Sarah Vogl, Jan Tinger<\/li><li><strong>Revisoren<\/strong>: Rudi Jacob<\/li><li><strong>Delegierte (9): <\/strong>Klaus Eisold, Rudi Jacob, Thomas Myk, Heike Jacob-Sch\u00e4dler, Omar Sahli, Martin Schlimmer-B\u00e4r, Jan Tinger,\u00a0 Sarah Vogl<\/li><\/ul><h2 style=\"text-align: left;\"><strong><a tabindex=\"0\">Seniorencaf\u00e9 \u201cAltenstube\u201d<\/a><\/strong><\/h2><p>Der Bunte Nachmittag der Altenstube ist Dienstags alle 2 Wochen von 14 \u2013 20 Uhr ge\u00f6ffnet (siehe auch Kalender).<\/p><p>Das Seniorenkaffee bietet Gespr\u00e4che und gem\u00fctliche Atmosph\u00e4re. Alle Senioren sind herzlich willkommen.<\/p><p><strong>Sprechen Sie uns an, Sie werden herzlich aufgenommen, wenn Sie dabei sein m\u00f6chten.<\/strong><\/p><h2 style=\"text-align: left;\"><strong><a tabindex=\"0\">Das AWO-Haus und seine Nutzer\/Mieter<\/a><\/strong><\/h2><ul><li><a href=\"https:\/\/www.spd-suedpfalz.de\/\">B\u00fcrgerb\u00fcro der SPD S\u00fcdpfalz<\/a><\/li><li><a href=\"https:\/\/www.alexander-schweitzer.de\/\">B\u00fcrgerb\u00fcro Alexander Schweitzer, MdL<\/a><\/li><li><a href=\"https:\/\/www.gew-rlp.de\/gew-kreise-u-bezirke\/bezirk-rheinhessen-pfalz\/kv-suedpfalz\/\">GEW S\u00fcdpfalz<\/a><\/li><li><a href=\"https:\/\/igbce.de\/igbce\/vor-ort\/in-der-region\/landesbezirke-und-bezirke\/landesbezirk-rps\/\">BCE S\u00fcdpfalz<\/a><\/li><li><a href=\"https:\/\/pfalz.verdi.de\/\">ver.di<\/a><\/li><li><a href=\"http:\/\/www.mieterverein-neustadt.de\/beratungsstellen\/beratungsstelle-landau\/\">Mieterschutzverein<\/a><\/li><li><a href=\"https:\/\/www.awo-sib.de\/\">Schuldnerberatungsstelle und Insolvenzberatung<\/a><\/li><li><a href=\"https:\/\/www.facebook.com\/cafeasyllandau\/\">Caf\u00e9 Asyl<\/a><\/li><\/ul><h2 style=\"text-align: left;\"><strong><a tabindex=\"0\">Die ehrenamtliche Sozialberatung der AWO Landau muss leider geschlossen werden.<\/a><\/strong><\/h2><p>Seit \u00fcber 10 Jahren unterst\u00fctzte unsere Sozialberatung hilfesuchende Menschen. Die Sozialberatung verstand sich als erste Anlauf- und Koordinations- und Vermittlungsstelle f\u00fcr Menschen mit oft in sich verflochtenen Problemlagen. Dies konnten wir ehrenamtlich leider nicht mehr aufrecht halten.\u00a0<\/p><p>Im Laufe des Jahres 2026 wird der Soziallotse bei der Diakonie Pfalz in Landau starten. Diese Stelle wird unsere Aufgabe weitgehend abdecken.\u00a0Daneben muss nach dem Sozialgesetzbuch jeder Sozialleistungstr\u00e4ger umfassend, auch \u00fcber die Leistungen anderer Tr\u00e4ger beraten und unterst\u00fctzen, ggf. auch z. B. beim Ausf\u00fcllen von Antr\u00e4gen.<\/p><h2 style=\"text-align: left;\"><strong>Veranstaltungen<\/strong><\/h2><figure><a href=\"https:\/\/www.awo-pfalz.de\/ueber-uns\/mitglied-werden\/\"><br \/><img decoding=\"async\" src=\"https:\/\/awo-ld.de\/wp-content\/uploads\/2020\/02\/Mitgliedwerden-150x150.jpg\" sizes=\"(max-width: 150px) 100vw, 150px\" srcset=\"https:\/\/awo-ld.de\/wp-content\/uploads\/2020\/02\/Mitgliedwerden-150x150.jpg 150w, https:\/\/awo-ld.de\/wp-content\/uploads\/2020\/02\/Mitgliedwerden-300x300.jpg 300w, https:\/\/awo-ld.de\/wp-content\/uploads\/2020\/02\/Mitgliedwerden.jpg 567w\" alt=\"\" width=\"150\" height=\"150\" \/> <\/a><figcaption>Unterst\u00fctzen Sie &#8211; Mitglied werden!<\/figcaption><\/figure><h2 style=\"text-align: left;\"><strong>Besprechungsraum AWO Landau<\/strong><\/h2><h4><strong>Die Besprechungsr\u00e4ume<\/strong> &#8211; bitte unter <a href=\"mailto:info@awo-landau.de\">info@awo-landau.de<\/a> anfragen.<\/h4><p><iframe style=\"border-width: 0;\" src=\"https:\/\/calendar.google.com\/calendar\/embed?height=600&amp;wkst=2&amp;bgcolor=%23ffffff&amp;ctz=Europe%2FBerlin&amp;src=cTU3bHFtamFlM2tsdmVqNDNvMGZlM2xxa2tAZ3JvdXAuY2FsZW5kYXIuZ29vZ2xlLmNvbQ&amp;color=%23A79B8E&amp;showTitle=0&amp;showNav=1&amp;showDate=1&amp;showPrint=0&amp;showTabs=1&amp;showCalendars=0&amp;showTz=1\" width=\"600\" height=\"600\" frameborder=\"0\" scrolling=\"no\" data-mce-fragment=\"1\"><\/iframe><\/p>\t\t\t\t\t\t\t\t<\/div>\n\t\t\t\t<\/div>\n\t\t\t\t\t<\/div>\n\t\t<\/div>\n\t\t\t\t\t<\/div>\n\t\t<\/section>\n\t\t\t\t<\/div>\n\t\t","protected":false},"excerpt":{"rendered":"<p>AWO Landau Der Ortsverein Landau Stadt ist der gr\u00f6\u00dfte AWO Ortverein in der S\u00fcdpfalz. Das AWO-Haus Landau ist im Zentrum aller Aktivit\u00e4ten und bieten vielen Organisationen und Einrichtungen eine &#8222;Heimat&#8220;. Mit den Besprechungsr\u00e4umen erm\u00f6glichen wir die Vernetzung untereinander. Der Vorstand gew\u00e4hlt auf der Mitgliederversammlung des AWO Ortsvereins Landau am 23.06.2022 f\u00fcr 4 Jahre Vorsitzender: Klaus [&hellip;]<\/p>\n","protected":false},"author":1,"featured_media":317,"parent":0,"menu_order":10,"comment_status":"closed","ping_status":"closed","template":"","meta":{"site-sidebar-layout":"no-sidebar","site-content-layout":"page-builder","ast-site-content-layout":"full-width-container","site-content-style":"unboxed","site-sidebar-style":"unboxed","ast-global-header-display":"","ast-banner-title-visibility":"","ast-main-header-display":"","ast-hfb-above-header-display":"","ast-hfb-below-header-display":"","ast-hfb-mobile-header-display":"","site-post-title":"disabled","ast-breadcrumbs-content":"","ast-featured-img":"disabled","footer-sml-layout":"","ast-disable-related-posts":"","theme-transparent-header-meta":"disabled","adv-header-id-meta":"","stick-header-meta":"","header-above-stick-meta":"","header-main-stick-meta":"","header-below-stick-meta":"","astra-migrate-meta-layouts":"set","ast-page-background-enabled":"default","ast-page-background-meta":{"desktop":{"background-color":"","background-image":"","background-repeat":"repeat","background-position":"center center","background-size":"auto","background-attachment":"scroll","background-type":"","background-media":"","overlay-type":"","overlay-color":"","overlay-opacity":"","overlay-gradient":""},"tablet":{"background-color":"","background-image":"","background-repeat":"repeat","background-position":"center center","background-size":"auto","background-attachment":"scroll","background-type":"","background-media":"","overlay-type":"","overlay-color":"","overlay-opacity":"","overlay-gradient":""},"mobile":{"background-color":"","background-image":"","background-repeat":"repeat","background-position":"center center","background-size":"auto","background-attachment":"scroll","background-type":"","background-media":"","overlay-type":"","overlay-color":"","overlay-opacity":"","overlay-gradient":""}},"ast-content-background-meta":{"desktop":{"background-color":"var(--ast-global-color-5)","background-image":"","background-repeat":"repeat","background-position":"center center","background-size":"auto","background-attachment":"scroll","background-type":"","background-media":"","overlay-type":"","overlay-color":"","overlay-opacity":"","overlay-gradient":""},"tablet":{"background-color":"var(--ast-global-color-5)","background-image":"","background-repeat":"repeat","background-position":"center center","background-size":"auto","background-attachment":"scroll","background-type":"","background-media":"","overlay-type":"","overlay-color":"","overlay-opacity":"","overlay-gradient":""},"mobile":{"background-color":"var(--ast-global-color-5)","background-image":"","background-repeat":"repeat","background-position":"center center","background-size":"auto","background-attachment":"scroll","background-type":"","background-media":"","overlay-type":"","overlay-color":"","overlay-opacity":"","overlay-gradient":""}},"footnotes":""},"class_list":["post-174","page","type-page","status-publish","has-post-thumbnail","hentry"],"_links":{"self":[{"href":"https:\/\/awo-ld.de\/index.php?rest_route=\/wp\/v2\/pages\/174","targetHints":{"allow":["GET"]}}],"collection":[{"href":"https:\/\/awo-ld.de\/index.php?rest_route=\/wp\/v2\/pages"}],"about":[{"href":"https:\/\/awo-ld.de\/index.php?rest_route=\/wp\/v2\/types\/page"}],"author":[{"embeddable":true,"href":"https:\/\/awo-ld.de\/index.php?rest_route=\/wp\/v2\/users\/1"}],"replies":[{"embeddable":true,"href":"https:\/\/awo-ld.de\/index.php?rest_route=%2Fwp%2Fv2%2Fcomments&post=174"}],"version-history":[{"count":87,"href":"https:\/\/awo-ld.de\/index.php?rest_route=\/wp\/v2\/pages\/174\/revisions"}],"predecessor-version":[{"id":1008,"href":"https:\/\/awo-ld.de\/index.php?rest_route=\/wp\/v2\/pages\/174\/revisions\/1008"}],"wp:featuredmedia":[{"embeddable":true,"href":"https:\/\/awo-ld.de\/index.php?rest_route=\/wp\/v2\/media\/317"}],"wp:attachment":[{"href":"https:\/\/awo-ld.de\/index.php?rest_route=%2Fwp%2Fv2%2Fmedia&parent=174"}],"curies":[{"name":"wp","href":"https:\/\/api.w.org\/{rel}","templated":true}]}}